{"id":602,"date":"2019-11-04T14:52:47","date_gmt":"2019-11-04T17:52:47","guid":{"rendered":"http:\/\/homolog.origgami.com.br\/veronese\/?page_id=602"},"modified":"2026-03-09T10:23:14","modified_gmt":"2026-03-09T13:23:14","slug":"a-veronese","status":"publish","type":"page","link":"https:\/\/www.veronese.com.br\/en\/a-veronese\/","title":{"rendered":"Veronese"},"content":{"rendered":"<div class=\"wpb-content-wrapper\"><p><\/p>\n<p>[vc_row el_id=&#8221;averonese&#8221;][vc_column][vc_row_inner el_class=&#8221;intro&#8221;][vc_column_inner][vc_column_text el_class=&#8221;custom-breadcrumb&#8221;]<\/p>\n<p style=\"text-align: center;\">\r\n<nav id=\"custom-breadcrumb\">\r\n\t<span property=\"itemListElement\" typeof=\"ListItem\"><a property=\"item\" typeof=\"WebPage\" title=\"Go to home\" href=\"https:\/\/www.veronese.com.br\/en\" class=\"home\" ><span property=\"name\">Home<\/span><\/a><meta property=\"position\" content=\"1\"><\/span><i class=\"fa fa-angle-right\" aria-hidden=\"true\"><\/i><span property=\"itemListElement\" typeof=\"ListItem\"><a property=\"item\" typeof=\"WebPage\" title=\"Go to Blog.\" href=\"https:\/\/www.veronese.com.br\/en\/blog\/\" class=\"post-root post post-post\" aria-current=\"page\"><span property=\"name\">Blog<\/span><\/a><meta property=\"position\" content=\"2\"><\/span><\/nav>\r\n\r\n<\/p>\n<p>[\/vc_column_text][origgamititulo_box title=&#8221;Veronese&#8221; title_size=&#8221;34&#8243; title_padding_lr=&#8221;&#8221; title_padding_tb=&#8221;&#8221; class_title=&#8221;titulo-secao&#8221; title_color=&#8221;#500844&#8243;][\/vc_column_inner][\/vc_row_inner][vc_row_inner el_class=&#8221;content&#8221;][vc_column_inner][vc_column_text el_class=&#8221;img-legend&#8221;]<\/p>\n<p><span style=\"font-weight: 400;\">Veronese&#8217;s new industrial plant in the S\u00e3o Francisco de Paula-RS district.<\/span><\/p>\n<p>[\/vc_column_text][vc_single_image image=&#8221;1520&#8243; img_size=&#8221;970&#215;491&#8243;][\/vc_column_inner][\/vc_row_inner][vc_row_inner el_class=&#8221;content-principal&#8221; css=&#8221;.vc_custom_1586268543676{background-color: #ffffff !important;}&#8221;][vc_column_inner][origgamititulo_box title=&#8221;PURE INGREDIENTS&#8221; title_tag=&#8221;h2&#8243; title_size=&#8221;34&#8243; title_padding_lr=&#8221;&#8221; title_padding_tb=&#8221;&#8221; class_title=&#8221;titulo-secao&#8221; title_color=&#8221;#500844&#8243;][\/vc_column_inner][\/vc_row_inner][vc_row_inner equal_height=&#8221;yes&#8221; content_placement=&#8221;middle&#8221; el_class=&#8221;destaque&#8221;][vc_column_inner el_class=&#8221;sobre sobre1&#8243; width=&#8221;5\/12&#8243;][vc_column_text]<\/p>\n<h3>\u2022 V<b>ISION<\/b><\/h3>\n<p><span style=\"font-weight: 400;\">Providers of chemical solutions.<\/span><\/p>\n<p>&nbsp;<\/p>\n<h3>\u2022 <b>PURPOSE<\/b><\/h3>\n<p><span style=\"font-weight: 400;\">To use by-products and waste in chemical solutions for a better world.<\/span><\/p>\n<p>[\/vc_column_text][\/vc_column_inner][vc_column_inner el_class=&#8221;sobre sobre2&#8243; width=&#8221;7\/12&#8243;][vc_column_text]<\/p>\n<h3>\u2022 V<b>ALUES<\/b><\/h3>\n<h4><b>Ethics and Correctness:<\/b><\/h4>\n<ul>\n<li>&#8211; <span style=\"font-weight: 400;\">We act with correctness, preserving the reputation and the value of the Veronese brand;<\/span><\/li>\n<li>&#8211; <span style=\"font-weight: 400;\">We act with respect to people;<\/span><\/li>\n<li>&#8211; <span style=\"font-weight: 400;\">We comply with the laws and standards.<\/span><\/li>\n<\/ul>\n<h4>C<b>ommitment:<\/b><\/h4>\n<ul>\n<li>&#8211; <span style=\"font-weight: 400;\">We are a team of people committed to customer satisfaction, through quality and sustainable solutions.<\/span><\/li>\n<\/ul>\n<h4>C<b>ontinuity of the Company:\u00a0<\/b><\/h4>\n<ul>\n<li>&#8211; <span style=\"font-weight: 400;\">We operate oriented by the market, focused on results and with respect to the environment, aiming at the company&#8217;s continuity.<\/span><\/li>\n<\/ul>\n<p>[\/vc_column_text][\/vc_column_inner][\/vc_row_inner][vc_row_inner css=&#8221;.vc_custom_1586272094997{margin-top: 60px !important;background-color: #ffffff !important;}&#8221;][vc_column_inner][vc_column_text el_class=&#8221;texto max-width-800&#8243;]<\/p>\n<p><span style=\"font-weight: 400;\">Veronese Produtos Qu\u00edmicos is a national capital company with its headquarters in Caxias do Sul, Rio Grande do Sul, controlled since its foundation in 1911 by the same family group.<\/span><\/p>\n<p><span style=\"font-weight: 400;\">In addition to its headquarters, it has two industrial plants in the municipalities of S\u00e3o Marcos and S\u00e3o Francisco de Paula-RS, and a commercial and distribution unit in Taubat\u00e9-SP.<\/span><\/p>\n<p>&nbsp;<\/p>\n<p style=\"text-align: center;\"><b>\u00a0VERONESE AND THE CIRCULAR OR SUSTAINABLE ECONOMY<\/b><\/p>\n<p>[\/vc_column_text][vc_single_image image=&#8221;1521&#8243; img_size=&#8221;970&#215;486&#8243; css=&#8221;.vc_custom_1592574053371{margin-top: 30px !important;}&#8221;][vc_column_text css=&#8221;.vc_custom_1590002327682{margin-top: 10px !important;}&#8221; el_class=&#8221;img-legend&#8221;]<\/p>\n<p>View of the new industrial plant, showing in the background the cultivated area where the soil was fertilized by the effluent from the industrial process.<\/p>\n<p>[\/vc_column_text][vc_column_text css=&#8221;.vc_custom_1591729146608{margin-top: 30px !important;}&#8221; el_class=&#8221;texto max-width-800&#8243;]<\/p>\n<p><span style=\"font-weight: 400;\">Since<\/span> <span style=\"font-weight: 400;\">its foundation in 1911, the <\/span><b>company extracts bioactive substances from the residues <\/b><b>of <\/b><b>the wine and grape juice production process, <\/b><span style=\"font-weight: 400;\">transforming them in <strong>natural and <\/strong><\/span><b>pure ingredients destined to human consumption <\/b><span style=\"font-weight: 400;\">(inputs for the food industry and for the alcoholic and non-alcoholic beverage industry).<\/span><\/p>\n<p><span style=\"font-weight: 400;\">With the <\/span><b>systematic collection of a large part of the residues<\/b><span style=\"font-weight: 400;\"> from the countless sources of wine and grape juice production in the northeast region of Rio Grande do Sul, VERONESE <\/span><b>has been providing benefits to this business community from an environmental point of view <\/b><span style=\"font-weight: 400;\">for over a century.\u00a0<\/span><\/p>\n<p><b>The effluent of its productive processes <\/b><span style=\"font-weight: 400;\">is scientifically proven to be a <\/span><b>natural fertilizer of optimum quality for the soil. <\/b><span style=\"font-weight: 400;\">Under an environmental license and complying with technical criteria of agronomy, <\/span><b>it distributes<\/b> <b>this fertilizer by means of fertigation<\/b><span style=\"font-weight: 400;\"> in the large area next to the industrial plant, owned by it, <\/span><b>thus cultivating corn, soybeans and beans.\u00a0<\/b><\/p>\n<p><span style=\"font-weight: 400;\">This is the concrete application of the concept of <\/span><b>circular economy:<\/b> <b>what is taken from nature<\/b><span style=\"font-weight: 400;\">, after its use, <\/span><b>returns to nature in an ecologically<\/b> <b>correct and still productive way.<\/b><\/p>\n<p>[\/vc_column_text][\/vc_column_inner][\/vc_row_inner][\/vc_column][\/vc_row][vc_row el_id=&#8221;video-institucional&#8221;][vc_column][vc_video link=&#8221;https:\/\/youtu.be\/FpZeKtN5vdk&#8221; css=&#8221;&#8221;][\/vc_column][\/vc_row][vc_row el_id=&#8221;chamada&#8221;][vc_column][vc_row_inner][vc_column_inner el_class=&#8221;chamada chamada1&#8243; width=&#8221;1\/2&#8243;][origgamititulo_box title=&#8221;The History&#8221; title_tag=&#8221;h2&#8243; title_size=&#8221;34&#8243; title_padding_lr=&#8221;&#8221; title_padding_tb=&#8221;&#8221; title_style=&#8221;bold&#8221; title_alignment=&#8221;left&#8221; class_title=&#8221;subtitulo-secao&#8221; title_color=&#8221;#4f0845&#8243;][ori_button caption=&#8221;read about it&#8221; link=&#8221;\/\/veronese.com.br\/a-historia\/&#8221; color=&#8221;#404040&#8243; font_size=&#8221;14&#8243; el_class=&#8221;btn-secundario&#8221;][vc_single_image image=&#8221;772&#8243; img_size=&#8221;full&#8221; onclick=&#8221;custom_link&#8221; el_class=&#8221;img-chamada&#8221; link=&#8221;\/\/veronese.com.br\/a-historia\/&#8221;][\/vc_column_inner][vc_column_inner el_class=&#8221;chamada chamada2&#8243; width=&#8221;1\/2&#8243;][vc_single_image image=&#8221;910&#8243; img_size=&#8221;full&#8221; onclick=&#8221;custom_link&#8221; el_class=&#8221;img-chamada&#8221; link=&#8221;http:\/\/veronese.com.br\/#produtos&#8221;][origgamititulo_box title=&#8221;Products&#8221; title_tag=&#8221;h2&#8243; title_size=&#8221;34&#8243; title_padding_lr=&#8221;&#8221; title_padding_tb=&#8221;&#8221; title_style=&#8221;bold&#8221; title_alignment=&#8221;left&#8221; class_title=&#8221;subtitulo-secao&#8221; title_color=&#8221;#4f0845&#8243;][ori_button caption=&#8221;learn about our products&#8221; link=&#8221;http:\/\/veronese.com.br\/#produtos&#8221; color=&#8221;#404040&#8243; font_size=&#8221;14&#8243; el_class=&#8221;btn-secundario&#8221;][\/vc_column_inner][\/vc_row_inner][\/vc_column][\/vc_row]<\/p>\n<p><\/p>\n<\/div>","protected":false},"excerpt":{"rendered":"<p>[vc_row el_id=&#8221;averonese&#8221;][vc_column][vc_row_inner el_class=&#8221;intro&#8221;][vc_column_inner][vc_column_text el_class=&#8221;custom-breadcrumb&#8221;] [\/vc_column_text][origgamititulo_box title=&#8221;Veronese&#8221; title_size=&#8221;34&#8243; title_padding_lr=&#8221;&#8221; title_padding_tb=&#8221;&#8221; class_title=&#8221;titulo-secao&#8221; title_color=&#8221;#500844&#8243;][\/vc_column_inner][\/vc_row_inner][vc_row_inner el_class=&#8221;content&#8221;][vc_column_inner][vc_column_text el_class=&#8221;img-legend&#8221;] Veronese&#8217;s new industrial plant in the S\u00e3o Francisco de Paula-RS district. [\/vc_column_text][vc_single_image image=&#8221;1520&#8243; img_size=&#8221;970&#215;491&#8243;][\/vc_column_inner][\/vc_row_inner][vc_row_inner el_class=&#8221;content-principal&#8221; css=&#8221;.vc_custom_1586268543676{background-color: #ffffff !important;}&#8221;][vc_column_inner][origgamititulo_box title=&#8221;PURE INGREDIENTS&#8221; title_tag=&#8221;h2&#8243; title_size=&#8221;34&#8243; title_padding_lr=&#8221;&#8221; title_padding_tb=&#8221;&#8221; class_title=&#8221;titulo-secao&#8221; title_color=&#8221;#500844&#8243;][\/vc_column_inner][\/vc_row_inner][vc_row_inner equal_height=&#8221;yes&#8221; content_placement=&#8221;middle&#8221; el_class=&#8221;destaque&#8221;][vc_column_inner el_class=&#8221;sobre sobre1&#8243; width=&#8221;5\/12&#8243;][vc_column_text] \u2022 VISION Providers of chemical solutions. &nbsp; \u2022 PURPOSE To [&hellip;]<\/p>\n","protected":false},"author":2,"featured_media":0,"parent":0,"menu_order":0,"comment_status":"closed","ping_status":"closed","template":"page-templates\/sem-titulo_sem-sidebar.php","meta":{"_acf_changed":false,"_joinchat":[],"footnotes":""},"class_list":["post-602","page","type-page","status-publish","hentry"],"acf":[],"_links":{"self":[{"href":"https:\/\/www.veronese.com.br\/en\/wp-json\/wp\/v2\/pages\/602","targetHints":{"allow":["GET"]}}],"collection":[{"href":"https:\/\/www.veronese.com.br\/en\/wp-json\/wp\/v2\/pages"}],"about":[{"href":"https:\/\/www.veronese.com.br\/en\/wp-json\/wp\/v2\/types\/page"}],"author":[{"embeddable":true,"href":"https:\/\/www.veronese.com.br\/en\/wp-json\/wp\/v2\/users\/2"}],"replies":[{"embeddable":true,"href":"https:\/\/www.veronese.com.br\/en\/wp-json\/wp\/v2\/comments?post=602"}],"version-history":[{"count":73,"href":"https:\/\/www.veronese.com.br\/en\/wp-json\/wp\/v2\/pages\/602\/revisions"}],"predecessor-version":[{"id":2102,"href":"https:\/\/www.veronese.com.br\/en\/wp-json\/wp\/v2\/pages\/602\/revisions\/2102"}],"wp:attachment":[{"href":"https:\/\/www.veronese.com.br\/en\/wp-json\/wp\/v2\/media?parent=602"}],"curies":[{"name":"wp","href":"https:\/\/api.w.org\/{rel}","templated":true}]}}